{"id":13,"date":"2026-03-11T09:14:33","date_gmt":"2026-03-11T09:14:33","guid":{"rendered":"http:\/\/31.217.196.210\/~syjlvnuj\/?page_id=13"},"modified":"2026-03-11T15:09:44","modified_gmt":"2026-03-11T15:09:44","slug":"haastavat-vuorovaikutustilanteet","status":"publish","type":"page","link":"http:\/\/31.217.196.210\/~syjlvnuj\/haastavat-vuorovaikutustilanteet\/","title":{"rendered":"Haastavat vuorovaikutustilanteet"},"content":{"rendered":"\n<p class=\"has-black-color has-text-color has-link-color wp-elements-bf860f9432257cd5265af37b2881ddd3\"><strong>Haastavat vuorovaikutustilanteet<\/strong>&nbsp;on koulutuskokonaisuus ihmisille ja ty\u00f6yhteis\u00f6ille, jotka kohtaavat ty\u00f6ss\u00e4\u00e4n kuormittavia, j\u00e4nnitteisi\u00e4 tai k\u00e4rjistyvi\u00e4 tilanteita. Sen ytimess\u00e4 ovat rauhallinen kohtaaminen, selke\u00e4 vuorovaikutus, rakentava rajojen asettaminen ja k\u00e4yt\u00e4nn\u00f6lliset keinot tilanteiden de-eskalointiin.<\/p>\n\n\n\n<p class=\"has-black-color has-text-color has-link-color wp-elements-f93ed2ee38f8202b7c1822fae92f8260\">Tavoitteena ei ole vain selvit\u00e4 vaikeista tilanteista, vaan vahvistaa toimintakyky\u00e4, turvallisuutta ja ammatillista varmuutta silloin, kun kohtaaminen haastaa eniten.<\/p>\n\n\n\n<h2 class=\"wp-block-heading has-black-color has-text-color has-link-color wp-elements-aa8182b59e1463fb0250ca2c538767fd\">Kenelle koulutus sopii?<\/h2>\n\n\n\n<p class=\"has-black-color has-text-color has-link-color wp-elements-ea36aca6c055be8ee24a05b0591a856e\">Haastavat vuorovaikutustilanteet -koulutus sopii erityisesti ty\u00f6yhteis\u00f6ille ja ammattilaisille, jotka kohtaavat ty\u00f6ss\u00e4\u00e4n kuormittavia, vaativia tai ristiriitaisia tilanteita.<\/p>\n\n\n\n<p class=\"has-black-color has-text-color has-link-color wp-elements-6cc34ef86705cc6e18c1ff609fd3b887\">Koulutus sopii esimerkiksi:<\/p>\n\n\n\n<ul class=\"wp-block-list\">\n<li class=\"has-black-color has-text-color has-link-color wp-elements-38436c90f4c91695468418e11ca6ad0e\">opetus- ja kasvatusalalle<\/li>\n\n\n\n<li class=\"has-black-color has-text-color has-link-color wp-elements-68b19c711e04f6d0a05e911cfd938a62\">sosiaali- ja terveysalalle<\/li>\n\n\n\n<li class=\"has-black-color has-text-color has-link-color wp-elements-d764c38289ebd5939f087a9cb35c3e5c\">asiakaspalveluun ja palveluty\u00f6h\u00f6n<\/li>\n\n\n\n<li class=\"has-black-color has-text-color has-link-color wp-elements-ed02d514daa22e0b81bd78d21f3781da\">esihenkil\u00f6ille ja tiiminvet\u00e4jille<\/li>\n\n\n\n<li class=\"has-black-color has-text-color has-link-color wp-elements-c1bc9947ccbf7de60e1deb7f7e506f53\">turvallisuus-, ohjaus- ja viranomaisty\u00f6h\u00f6n<\/li>\n\n\n\n<li class=\"has-black-color has-text-color has-link-color wp-elements-53cd29fcd97cbc460df2c3f20c7ef961\">kaikille ty\u00f6yhteis\u00f6ille, jotka haluavat vahvistaa vuorovaikutuksen laatua haastavissa tilanteissa<\/li>\n<\/ul>\n\n\n\n<p class=\"has-black-color has-text-color has-link-color wp-elements-5e7f2bdd4b9d9af46569c479b4769428\">Koulutus sopii sinulle, kun haluat:<\/p>\n\n\n\n<ul class=\"wp-block-list has-black-color has-text-color has-link-color wp-elements-7bfa2875dadc5f21f09f946a3daeeb29\">\n<li class=\"has-black-color has-text-color has-link-color wp-elements-be839f538e33b9ad0bdeccdc4c0a8953\">toimia rauhallisemmin paineen keskell\u00e4<\/li>\n\n\n\n<li class=\"has-black-color has-text-color has-link-color wp-elements-cb9ca79daae03b614cef83545760c89a\">vahvistaa kyky\u00e4 kohdata kiihtynyt, turhautunut tai kuormittunut ihminen<\/li>\n\n\n\n<li class=\"has-black-color has-text-color has-link-color wp-elements-605ca6fd7b296e18118bccc51ef0eee4\">oppia asettamaan rajoja selke\u00e4sti ja rakentavasti<\/li>\n\n\n\n<li class=\"has-black-color has-text-color has-link-color wp-elements-aa59706339e4f593515e9e1271d6d4b9\">tunnistaa, mik\u00e4 rauhoittaa tilannetta ja mik\u00e4 helposti pahentaa sit\u00e4<\/li>\n\n\n\n<li class=\"has-black-color has-text-color has-link-color wp-elements-9f7b3cb75b68f26f4eca4e94f55b9101\">saada k\u00e4yt\u00e4nn\u00f6llisi\u00e4 ty\u00f6kaluja vaativiin kohtaamisiin<\/li>\n<\/ul>\n\n\n\n<h2 class=\"wp-block-heading has-black-color has-text-color has-link-color wp-elements-3d45e97c3fb5235f4f2ad0bff1e6097d\">Mit\u00e4 koulutuksessa vahvistetaan?<\/h2>\n\n\n\n<p class=\"has-black-color has-text-color has-link-color wp-elements-918808404b5c41fec376ecec06081571\">Koulutuksessa kehitet\u00e4\u00e4n:<\/p>\n\n\n\n<ul class=\"wp-block-list\">\n<li class=\"has-black-color has-text-color has-link-color wp-elements-a3ac049d411302c56c1d3c4748d62e52\">tilannetajua ja vuorovaikutuksen lukutaitoa<\/li>\n\n\n\n<li class=\"has-black-color has-text-color has-link-color wp-elements-37cb7d716c4c4c5faefb94c9a0fb88cb\">rauhallista ja selke\u00e4\u00e4 ilmaisua<\/li>\n\n\n\n<li class=\"has-black-color has-text-color has-link-color wp-elements-40d64cb0a3f9e236b25e884071821086\">kuuntelemisen ja kohtaamisen taitoja<\/li>\n\n\n\n<li class=\"has-black-color has-text-color has-link-color wp-elements-4f6ee69df98fe90f6c53d22298d81a6f\">rakentavaa rajojen asettamista<\/li>\n\n\n\n<li class=\"has-black-color has-text-color has-link-color wp-elements-eb88fb9f28e0040f62b53551c2039d84\">de-eskaloinnin k\u00e4yt\u00e4nn\u00f6n keinoja<\/li>\n\n\n\n<li class=\"has-black-color has-text-color has-link-color wp-elements-a142b0980e0699a4bd3e874feee38a03\">oman vireystilan ja reagoinnin tunnistamista<\/li>\n\n\n\n<li class=\"has-black-color has-text-color has-link-color wp-elements-ef93c00c58fe3a304f3ff3387502bfad\">toimintakyky\u00e4 tilanteissa, joissa tunteet kuormittavat<\/li>\n<\/ul>\n\n\n\n<p class=\"has-black-color has-text-color has-link-color wp-elements-7cd51c39f3ce271c87262af7f9791913\">Koulutus ei j\u00e4\u00e4 vain periaatteiden tasolle. Sen rinnalla rakennetaan k\u00e4yt\u00e4nn\u00f6llisi\u00e4 ty\u00f6kaluja siihen, miten tilanteeseen tullaan sis\u00e4\u00e4n, miten oma toiminta pidet\u00e4\u00e4n hallittuna, miten puheella rauhoitetaan tilannetta ja miten rajat asetetaan ilman tarpeetonta vastakkainasettelua.<\/p>\n\n\n\n<h2 class=\"wp-block-heading has-black-color has-text-color has-link-color wp-elements-18c2a5f8ce51100cc39f18cd39a64f9b\">Miksi t\u00e4m\u00e4 on t\u00e4rke\u00e4\u00e4?<\/h2>\n\n\n\n<p class=\"has-black-color has-text-color has-link-color wp-elements-0f6dd6be95b7daf4a58b375349e757b8\">Haastavat tilanteet eiv\u00e4t yleens\u00e4 k\u00e4rjisty vain sanojen tai tekojen vuoksi, vaan my\u00f6s siksi, miten tilannetta tulkitaan, miten siihen reagoidaan ja millaista tunnetta vuorovaikutuksessa vahvistetaan.<\/p>\n\n\n\n<p class=\"has-black-color has-text-color has-link-color wp-elements-2a03c7bc074500e6f69e02b8238bdd81\">Siksi ammatillinen toimintakyky ei tarkoita vain sit\u00e4, ett\u00e4 pysyy tilanteessa mukana. Se tarkoittaa kyky\u00e4 s\u00e4ilytt\u00e4\u00e4 rauha, lukea tilannetta, tehd\u00e4 viisaita valintoja ja ohjata vuorovaikutusta rakentavaan suuntaan silloin, kun paine kasvaa.<\/p>\n\n\n\n<p class=\"has-black-color has-text-color has-link-color wp-elements-b63f45c1201a64581ce699cb612149b2\">Kun vuorovaikutuksen taidot vahvistuvat, vahvistuvat samalla my\u00f6s turvallisuuden tunne, ty\u00f6n sujuvuus ja kyky k\u00e4sitell\u00e4 vaikeita tilanteita ilman turhaa kuormitusta.<\/p>\n\n\n\n<h2 class=\"wp-block-heading has-black-color has-text-color has-link-color wp-elements-226ed92bb4c85a94e87ef3173d040daf\">Miten koulutus toteutetaan?<\/h2>\n\n\n\n<p class=\"has-black-color has-text-color has-link-color wp-elements-b09a6f50a542f1d7e270663e726ddf07\">Haastavat vuorovaikutustilanteet -koulutus voidaan toteuttaa esimerkiksi:<\/p>\n\n\n\n<ul class=\"wp-block-list\">\n<li class=\"has-black-color has-text-color has-link-color wp-elements-37cbe934adbea47d123d4136e2465a38\">koulutusp\u00e4iv\u00e4n\u00e4<\/li>\n\n\n\n<li class=\"has-black-color has-text-color has-link-color wp-elements-4ab27942ac768064379fcf00527d0446\">lyhyemp\u00e4n\u00e4 luentona tai alustuksena<\/li>\n\n\n\n<li class=\"has-black-color has-text-color has-link-color wp-elements-ce9d0a2984b612ede507057c4addde4d\">ty\u00f6pajana<\/li>\n\n\n\n<li class=\"has-black-color has-text-color has-link-color wp-elements-72546f22b7f16cf61baf0bb20ccc68a7\">tiimi- tai organisaatiokohtaisena kokonaisuutena<\/li>\n\n\n\n<li class=\"has-black-color has-text-color has-link-color wp-elements-03f2877771868738dbfa7ff96e7c7cb7\">toimialan tarpeisiin r\u00e4\u00e4t\u00e4l\u00f6ityn\u00e4 valmennuksena<\/li>\n<\/ul>\n\n\n\n<p class=\"has-black-color has-text-color has-link-color wp-elements-7ab9753cd07a02390cca806520b27e8b\">Sis\u00e4lt\u00f6 rakennetaan kohderyhm\u00e4n ty\u00f6nkuvan, toimintaymp\u00e4rist\u00f6n ja tyypillisten tilanteiden mukaan.<\/p>\n\n\n\n<h2 class=\"wp-block-heading has-black-color has-text-color has-link-color wp-elements-4f4fc876a353b6d503a70d3eedd4eda2\">Tavoitteena ei ole vain rauhoittaa tilanteita<\/h2>\n\n\n\n<p class=\"has-black-color has-text-color has-link-color wp-elements-f9860899d88ce48bf9003945cc49ae82\">Tavoitteena on vahvistaa kohtaamisen laatua, ammatillista varmuutta ja kyky\u00e4 toimia rakentavasti tilanteissa, joissa ihmiset ovat kuormittuneita, turhautuneita tai tunnetasolla kuohuksissa.<\/p>\n\n\n\n<p class=\"has-black-color has-text-color has-link-color wp-elements-0150c5570f54928dd40cd19d55ef4148\">Kun vuorovaikutus toimii paremmin, my\u00f6s turvallisuus, yhteisty\u00f6 ja ty\u00f6n mielekkyys vahvistuvat.<\/p>\n\n\n\n<h2 class=\"wp-block-heading has-black-color has-text-color has-link-color wp-elements-a9c851c2f769eeeef00d8518a006d21d\"><a href=\"http:\/\/31.217.196.210\/~syjlvnuj\/yhteydenotto\/\" data-type=\"page\" data-id=\"19\">Kiinnostuitko?<\/a><\/h2>\n\n\n\n<p class=\"has-black-color has-text-color has-link-color wp-elements-b987a32463c77667f54b59528a69dd25\">Ota yhteytt\u00e4, niin katsotaan yhdess\u00e4, millainen koulutuskokonaisuus sopii sinun ty\u00f6yhteis\u00f6si, tiimisi tai organisaatiosi tarpeisiin.<\/p>\n\n\n\n<p><\/p>\n","protected":false},"excerpt":{"rendered":"<p>Haastavat vuorovaikutustilanteet&nbsp;on koulutuskokonaisuus ihmisille ja ty\u00f6yhteis\u00f6ille, jotka kohtaavat ty\u00f6ss\u00e4\u00e4n kuormittavia, j\u00e4nnitteisi\u00e4 tai k\u00e4rjistyvi\u00e4 tilanteita. Sen ytimess\u00e4 ovat rauhallinen kohtaaminen, selke\u00e4 vuorovaikutus, rakentava rajojen asettaminen ja k\u00e4yt\u00e4nn\u00f6lliset keinot tilanteiden de-eskalointiin. Tavoitteena ei ole vain selvit\u00e4 vaikeista tilanteista, vaan vahvistaa toimintakyky\u00e4, turvallisuutta ja ammatillista varmuutta silloin, kun kohtaaminen haastaa eniten. Kenelle koulutus sopii? Haastavat vuorovaikutustilanteet -koulutus sopii&hellip;<\/p>\n<p class=\"more-link\"><a href=\"http:\/\/31.217.196.210\/~syjlvnuj\/haastavat-vuorovaikutustilanteet\/\" class=\"themebutton2\">Read More<\/a><\/p>\n","protected":false},"author":1,"featured_media":0,"parent":0,"menu_order":0,"comment_status":"closed","ping_status":"closed","template":"","meta":{"footnotes":""},"categories":[],"tags":[],"class_list":["post-13","page","type-page","status-publish","hentry"],"_links":{"self":[{"href":"http:\/\/31.217.196.210\/~syjlvnuj\/wp-json\/wp\/v2\/pages\/13","targetHints":{"allow":["GET"]}}],"collection":[{"href":"http:\/\/31.217.196.210\/~syjlvnuj\/wp-json\/wp\/v2\/pages"}],"about":[{"href":"http:\/\/31.217.196.210\/~syjlvnuj\/wp-json\/wp\/v2\/types\/page"}],"author":[{"embeddable":true,"href":"http:\/\/31.217.196.210\/~syjlvnuj\/wp-json\/wp\/v2\/users\/1"}],"replies":[{"embeddable":true,"href":"http:\/\/31.217.196.210\/~syjlvnuj\/wp-json\/wp\/v2\/comments?post=13"}],"version-history":[{"count":5,"href":"http:\/\/31.217.196.210\/~syjlvnuj\/wp-json\/wp\/v2\/pages\/13\/revisions"}],"predecessor-version":[{"id":54,"href":"http:\/\/31.217.196.210\/~syjlvnuj\/wp-json\/wp\/v2\/pages\/13\/revisions\/54"}],"wp:attachment":[{"href":"http:\/\/31.217.196.210\/~syjlvnuj\/wp-json\/wp\/v2\/media?parent=13"}],"wp:term":[{"taxonomy":"category","embeddable":true,"href":"http:\/\/31.217.196.210\/~syjlvnuj\/wp-json\/wp\/v2\/categories?post=13"},{"taxonomy":"post_tag","embeddable":true,"href":"http:\/\/31.217.196.210\/~syjlvnuj\/wp-json\/wp\/v2\/tags?post=13"}],"curies":[{"name":"wp","href":"https:\/\/api.w.org\/{rel}","templated":true}]}}