{"id":19,"date":"2026-03-11T09:15:56","date_gmt":"2026-03-11T09:15:56","guid":{"rendered":"http:\/\/31.217.196.210\/~syjlvnuj\/?page_id=19"},"modified":"2026-03-11T19:18:48","modified_gmt":"2026-03-11T19:18:48","slug":"yhteydenotto","status":"publish","type":"page","link":"http:\/\/31.217.196.210\/~syjlvnuj\/yhteydenotto\/","title":{"rendered":"Yhteydenotto"},"content":{"rendered":"\n<p class=\"has-black-color has-text-color has-link-color wp-elements-4f59415d23df01db79668f9bebbd9477\">Ota yhteytt\u00e4, jos haluat keskustella valmennuksesta, koulutuksesta tai ty\u00f6yhteis\u00f6sovittelusta.<\/p>\n\n\n\n<p class=\"has-black-color has-text-color has-link-color wp-elements-2b238168ca9597f8275aa11ec7cb21d0\">Autan mielell\u00e4ni pohtimaan, millainen kokonaisuus sopii sinun, tiimisi tai organisaatiosi tilanteeseen.<\/p>\n\n\n\n<p class=\"has-black-color has-text-color has-link-color wp-elements-dc68e063b72edf64ae13d246f800d1ad\"><strong>Mika Vesala<\/strong><br>Ty\u00f6yhteis\u00f6sovittelija, kouluttaja ja valmentaja<br><strong>S\u00e4hk\u00f6posti:<\/strong>&nbsp;<a>mika.vesala@metaito.fi<\/a><br><strong>Puhelin:<\/strong>&nbsp;+358 44 588 4495<\/p>\n\n\n\n<p class=\"has-black-color has-text-color has-link-color wp-elements-f3403d85f5ca5719de71cb64cf567af2\">Ensimm\u00e4inen yhteydenotto voi olla matalan kynnyksen kysymys, ajatus tai tarjouspyynt\u00f6.<\/p>\n\n\n\n<p><\/p>\n","protected":false},"excerpt":{"rendered":"<p>Ota yhteytt\u00e4, jos haluat keskustella valmennuksesta, koulutuksesta tai ty\u00f6yhteis\u00f6sovittelusta. Autan mielell\u00e4ni pohtimaan, millainen kokonaisuus sopii sinun, tiimisi tai organisaatiosi tilanteeseen. Mika VesalaTy\u00f6yhteis\u00f6sovittelija, kouluttaja ja valmentajaS\u00e4hk\u00f6posti:&nbsp;mika.vesala@metaito.fiPuhelin:&nbsp;+358 44 588 4495 Ensimm\u00e4inen yhteydenotto voi olla matalan kynnyksen kysymys, ajatus tai tarjouspyynt\u00f6.<\/p>\n","protected":false},"author":1,"featured_media":0,"parent":0,"menu_order":0,"comment_status":"closed","ping_status":"closed","template":"","meta":{"footnotes":""},"categories":[],"tags":[],"class_list":["post-19","page","type-page","status-publish","hentry"],"_links":{"self":[{"href":"http:\/\/31.217.196.210\/~syjlvnuj\/wp-json\/wp\/v2\/pages\/19","targetHints":{"allow":["GET"]}}],"collection":[{"href":"http:\/\/31.217.196.210\/~syjlvnuj\/wp-json\/wp\/v2\/pages"}],"about":[{"href":"http:\/\/31.217.196.210\/~syjlvnuj\/wp-json\/wp\/v2\/types\/page"}],"author":[{"embeddable":true,"href":"http:\/\/31.217.196.210\/~syjlvnuj\/wp-json\/wp\/v2\/users\/1"}],"replies":[{"embeddable":true,"href":"http:\/\/31.217.196.210\/~syjlvnuj\/wp-json\/wp\/v2\/comments?post=19"}],"version-history":[{"count":2,"href":"http:\/\/31.217.196.210\/~syjlvnuj\/wp-json\/wp\/v2\/pages\/19\/revisions"}],"predecessor-version":[{"id":72,"href":"http:\/\/31.217.196.210\/~syjlvnuj\/wp-json\/wp\/v2\/pages\/19\/revisions\/72"}],"wp:attachment":[{"href":"http:\/\/31.217.196.210\/~syjlvnuj\/wp-json\/wp\/v2\/media?parent=19"}],"wp:term":[{"taxonomy":"category","embeddable":true,"href":"http:\/\/31.217.196.210\/~syjlvnuj\/wp-json\/wp\/v2\/categories?post=19"},{"taxonomy":"post_tag","embeddable":true,"href":"http:\/\/31.217.196.210\/~syjlvnuj\/wp-json\/wp\/v2\/tags?post=19"}],"curies":[{"name":"wp","href":"https:\/\/api.w.org\/{rel}","templated":true}]}}